{"id":3,"date":"2023-06-30T15:30:30","date_gmt":"2023-06-30T15:30:30","guid":{"rendered":"https:\/\/stockfinanciero.com.mx\/?page_id=3"},"modified":"2024-12-16T22:53:31","modified_gmt":"2024-12-16T22:53:31","slug":"politica-privacidad","status":"publish","type":"page","link":"https:\/\/stockfinanciero.com.mx\/index.php\/politica-privacidad\/","title":{"rendered":"Pol\u00edtica de privacidad"},"content":{"rendered":"\t\t<div data-elementor-type=\"wp-page\" data-elementor-id=\"3\" class=\"elementor elementor-3\" data-elementor-post-type=\"page\">\n\t\t\t\t<div class=\"elementor-element elementor-element-78ff60e1 e-flex e-con-boxed e-con e-parent\" data-id=\"78ff60e1\" data-element_type=\"container\">\n\t\t\t\t\t<div class=\"e-con-inner\">\n\t\t\t\t<div class=\"elementor-element elementor-element-4f14c851 elementor-widget elementor-widget-text-editor\" data-id=\"4f14c851\" data-element_type=\"widget\" data-widget_type=\"text-editor.default\">\n\t\t\t\t<div class=\"elementor-widget-container\">\n\t\t\t\t\t\t\t<p><em>\u201cPara su constituci\u00f3n y operaci\u00f3n con car\u00e1cter de sociedad financiera de objeto m\u00faltiple, entidad no regulada, no requieren autorizaci\u00f3n de la Secretar\u00eda de Hacienda y Cr\u00e9dito P\u00fablico y \u00fanicamente est\u00e1 sujeta a la supervisi\u00f3n de la Comisi\u00f3n Nacional Bancaria y de Valores para efectos del art\u00edculo 56 de la Ley General de Organizaciones y Actividades Auxiliares del Cr\u00e9dito.\u201d<\/em><\/p>\n<p><!-- \/wp:paragraph --><!-- wp:heading --><\/p>\n<h2>Condusef<\/h2>\n<p><!-- \/wp:heading --><!-- wp:paragraph --><\/p>\n<p><strong>N\u00fameros telef\u00f3nicos:<\/strong><strong class=\"privacy-policy-tutorial\"> 55 5340 0999 y\u00a0 800 999 80 8\u00a0<\/strong><\/p>\n<p>www.condusef.gob.mx<\/p>\n<p><!-- \/wp:paragraph --><!-- wp:heading --><\/p>\n<h2>Bur\u00f3 de entidades financieras<\/h2>\n<p><!-- \/wp:heading --><!-- wp:paragraph --><\/p>\n<p><em>&#8220;El Bur\u00f3 de Entidades Financieras es una herramienta de consulta y difusi\u00f3n con la que podr\u00e1s conocer los productos que ofrecen las entidades financieras, sus comisiones y tasas, las reclamaciones de los usuarios, las pr\u00e1cticas no sanas en que incurren, las sanciones administrativas que les han impuesto, las cl\u00e1usulas abusivas de sus contratos y otra informaci\u00f3n que resulte relevante para informarte sobre su desempe\u00f1o.<\/em><\/p>\n<p><strong><em>\u00a0<\/em><\/strong><\/p>\n<p><em>Con el Bur\u00f3 de Entidades Financieras, se lograr\u00e1 saber qui\u00e9n es qui\u00e9n en bancos, seguros, sociedades financieras de objeto m\u00faltiple, cajas de ahorro, afores, entre otras entidades.<\/em><\/p>\n<p><strong><em>\u00a0<\/em><\/strong><\/p>\n<p><em>Con ello, podr\u00e1s comparar y evaluar a las entidades financieras, sus productos y servicios y tendr\u00e1s mayores elementos para elegir lo que m\u00e1s te convenga.<\/em><\/p>\n<p><strong><em>\u00a0<\/em><\/strong><\/p>\n<p><em>Esta informaci\u00f3n te ser\u00e1 \u00fatil para elegir un producto financiero y tambi\u00e9n para conocer y usar mejor los que ya tienes.<\/em><\/p>\n<p><strong><em>\u00a0<\/em><\/strong><\/p>\n<p><em>Este Bur\u00f3 de Entidades Financieras, es una herramienta que puede contribuir al crecimiento econ\u00f3mico del pa\u00eds, al promover la competencia entre las instituciones financieras; que impulsar\u00e1 la transparencia al revelar informaci\u00f3n a los usuarios sobre el desempe\u00f1o de \u00e9stas y los productos que se ofrecen y que va a facilitar un manejo responsable de los productos y servicios financieros al conocer a detalle sus caracter\u00edsticas.<\/em><\/p>\n<p><em>Lo anterior, podr\u00e1 derivar en un mayor bienestar social, porque al conjuntar en un solo espacio tan diversa informaci\u00f3n del sistema financiero, el usuario tendr\u00e1 m\u00e1s elementos para optimizar su presupuesto, para mejorar sus finanzas personales, para utilizar correctamente los cr\u00e9ditos que fortalecer\u00e1n su econom\u00eda y obtener los seguros que la protejan entre otros aspectos.<\/em><\/p>\n<p><strong><em>\u00a0<\/em><\/strong><\/p>\n<p><em>La siguiente informaci\u00f3n corresponde \u00fanicamente a STOCK FINANCIERO y para conocer la informaci\u00f3n de todo el sector a la que corresponda se podr\u00e1 acceder al sitio: https:\/\/buro.gob.mx\/\u201d<\/em><\/p>\n<p>\u00a0<\/p>\n<h2>CAT<\/h2>\n<p>CAT (Costo Anual Total) promedio del 11% sin IVA con fecha de calculo del 01 de Diciembre 2024 con vigencia hasta el 01 de Junio 2025, para fines informativos y de comparaci\u00f3n exclusivamente. Tasa de Inter\u00e9s Ordinario 11% Anual. No cuenta con Seguro de Saldo Deudor ni Garant\u00eda l\u00edquida. El CAT esta calculado sobre un monto de $1,000,000.00\u00a0(M.N).<\/p>\n<p><!-- \/wp:paragraph --><\/p>\t\t\t\t\t\t<\/div>\n\t\t\t\t<\/div>\n\t\t\t\t\t<\/div>\n\t\t\t\t<\/div>\n\t\t\t\t<\/div>\n\t\t","protected":false},"excerpt":{"rendered":"<p>\u201cPara su constituci\u00f3n y operaci\u00f3n con car\u00e1cter de sociedad financiera de objeto m\u00faltiple, entidad no regulada, no requieren autorizaci\u00f3n de la Secretar\u00eda de Hacienda y Cr\u00e9dito P\u00fablico y \u00fanicamente est\u00e1 sujeta a la supervisi\u00f3n de la Comisi\u00f3n Nacional Bancaria y de Valores para efectos del art\u00edculo 56 de la Ley General de Organizaciones y Actividades [&hellip;]<\/p>\n","protected":false},"author":1,"featured_media":0,"parent":0,"menu_order":0,"comment_status":"closed","ping_status":"open","template":"","meta":{"footnotes":""},"class_list":["post-3","page","type-page","status-publish","hentry"],"_links":{"self":[{"href":"https:\/\/stockfinanciero.com.mx\/index.php\/wp-json\/wp\/v2\/pages\/3","targetHints":{"allow":["GET"]}}],"collection":[{"href":"https:\/\/stockfinanciero.com.mx\/index.php\/wp-json\/wp\/v2\/pages"}],"about":[{"href":"https:\/\/stockfinanciero.com.mx\/index.php\/wp-json\/wp\/v2\/types\/page"}],"author":[{"embeddable":true,"href":"https:\/\/stockfinanciero.com.mx\/index.php\/wp-json\/wp\/v2\/users\/1"}],"replies":[{"embeddable":true,"href":"https:\/\/stockfinanciero.com.mx\/index.php\/wp-json\/wp\/v2\/comments?post=3"}],"version-history":[{"count":18,"href":"https:\/\/stockfinanciero.com.mx\/index.php\/wp-json\/wp\/v2\/pages\/3\/revisions"}],"predecessor-version":[{"id":421,"href":"https:\/\/stockfinanciero.com.mx\/index.php\/wp-json\/wp\/v2\/pages\/3\/revisions\/421"}],"wp:attachment":[{"href":"https:\/\/stockfinanciero.com.mx\/index.php\/wp-json\/wp\/v2\/media?parent=3"}],"curies":[{"name":"wp","href":"https:\/\/api.w.org\/{rel}","templated":true}]}}